{"id":8254,"date":"2026-03-20T00:41:30","date_gmt":"2026-03-19T22:41:30","guid":{"rendered":"https:\/\/gesmobles.cat\/?post_type=product&#038;p=8254"},"modified":"2026-04-13T09:37:07","modified_gmt":"2026-04-13T07:37:07","slug":"cabezal-mikonos-cabezal-capitone-cabezal-tapizado-moderno-cabecero-acolchado-cabezal-moderno-matrimonial-cabecero-elegante-dormitorio-cabezal-capitone-moderno-cabecero-contemporaneo-cabezal-ta","status":"publish","type":"product","link":"https:\/\/gesmobles.cat\/es\/producto\/cabezal-mikonos-cabezal-capitone-cabezal-tapizado-moderno-cabecero-acolchado-cabezal-moderno-matrimonial-cabecero-elegante-dormitorio-cabezal-capitone-moderno-cabecero-contemporaneo-cabezal-ta\/","title":{"rendered":"Cabezal tapizado Mikonos"},"content":{"rendered":"<p data-start=\"185\" data-end=\"437\">El <strong data-start=\"188\" data-end=\"207\">Cabezal Mikonos<\/strong> destaca por su dise\u00f1o moderno y elegante con acabado capiton\u00e9 en paneles acolchados. Su est\u00e9tica contempor\u00e1nea lo convierte en la pieza protagonista del dormitorio, aportando sofisticaci\u00f3n y equilibrio visual a cualquier espacio.<\/p>\n<p data-start=\"439\" data-end=\"751\">Su estructura acolchada no solo cumple una funci\u00f3n decorativa, sino que tambi\u00e9n ofrece mayor comodidad al recostarse para leer o descansar. El dise\u00f1o geom\u00e9trico bien definido le aporta un estilo actual que combina f\u00e1cilmente con diferentes ambientes decorativos, desde los m\u00e1s minimalistas hasta los m\u00e1s c\u00e1lidos.<\/p>\n<p data-start=\"753\" data-end=\"908\">El Cabezal Mikonos est\u00e1 disponible en una amplia variedad de colores, lo que permite adaptarlo perfectamente a la personalidad y estilo de cada dormitorio.<\/p>\n<p data-start=\"910\" data-end=\"1021\">Es la opci\u00f3n ideal para quienes buscan renovar su habitaci\u00f3n con una pieza con presencia, dise\u00f1o y durabilidad.<\/p>\n","protected":false},"excerpt":{"rendered":"<p>Cabezal tapizado con dise\u00f1o capiton\u00e9 moderno.<\/p>\n","protected":false},"featured_media":8159,"comment_status":"open","ping_status":"closed","template":"","meta":[],"product_brand":[],"product_cat":[51,837],"product_tag":[],"class_list":{"0":"post-8254","1":"product","2":"type-product","3":"status-publish","4":"has-post-thumbnail","6":"product_cat-muebles-es","7":"product_cat-cabezales","9":"first","10":"instock","11":"taxable","12":"shipping-taxable","13":"purchasable","14":"product-type-variable"},"acf":[],"yoast_head":"<!-- This site is optimized with the Yoast SEO plugin v27.4 - https:\/\/yoast.com\/product\/yoast-seo-wordpress\/ -->\n<title>Cabezal tapizado Mikonos -<\/title>\n<meta name=\"description\" content=\"Cabezal Mikonos capiton\u00e9 y tapizado con dise\u00f1o moderno.\" \/>\n<meta name=\"robots\" content=\"index, follow, max-snippet:-1, max-image-preview:large, max-video-preview:-1\" \/>\n<link rel=\"canonical\" href=\"https:\/\/gesmobles.cat\/es\/producto\/cabezal-mikonos-cabezal-capitone-cabezal-tapizado-moderno-cabecero-acolchado-cabezal-moderno-matrimonial-cabecero-elegante-dormitorio-cabezal-capitone-moderno-cabecero-contemporaneo-cabezal-ta\/\" \/>\n<meta property=\"og:locale\" content=\"es_ES\" \/>\n<meta property=\"og:type\" content=\"article\" \/>\n<meta property=\"og:title\" content=\"Cabezal tapizado Mikonos -\" \/>\n<meta property=\"og:description\" content=\"Cabezal Mikonos capiton\u00e9 y tapizado con dise\u00f1o moderno.\" \/>\n<meta property=\"og:url\" content=\"https:\/\/gesmobles.cat\/es\/producto\/cabezal-mikonos-cabezal-capitone-cabezal-tapizado-moderno-cabecero-acolchado-cabezal-moderno-matrimonial-cabecero-elegante-dormitorio-cabezal-capitone-moderno-cabecero-contemporaneo-cabezal-ta\/\" \/>\n<meta property=\"article:modified_time\" content=\"2026-04-13T07:37:07+00:00\" \/>\n<meta property=\"og:image\" content=\"https:\/\/gesmobles.cat\/wp-content\/uploads\/2026\/03\/choco.webp\" \/>\n\t<meta property=\"og:image:width\" content=\"2700\" \/>\n\t<meta property=\"og:image:height\" content=\"2080\" \/>\n\t<meta property=\"og:image:type\" content=\"image\/webp\" \/>\n<meta name=\"twitter:card\" content=\"summary_large_image\" \/>\n<meta name=\"twitter:label1\" content=\"Tiempo de lectura\" \/>\n\t<meta name=\"twitter:data1\" content=\"1 minuto\" \/>\n<!-- \/ Yoast SEO plugin. -->","yoast_head_json":{"title":"Cabezal tapizado Mikonos -","description":"Cabezal Mikonos capiton\u00e9 y tapizado con dise\u00f1o moderno.","robots":{"index":"index","follow":"follow","max-snippet":"max-snippet:-1","max-image-preview":"max-image-preview:large","max-video-preview":"max-video-preview:-1"},"canonical":"https:\/\/gesmobles.cat\/es\/producto\/cabezal-mikonos-cabezal-capitone-cabezal-tapizado-moderno-cabecero-acolchado-cabezal-moderno-matrimonial-cabecero-elegante-dormitorio-cabezal-capitone-moderno-cabecero-contemporaneo-cabezal-ta\/","og_locale":"es_ES","og_type":"article","og_title":"Cabezal tapizado Mikonos -","og_description":"Cabezal Mikonos capiton\u00e9 y tapizado con dise\u00f1o moderno.","og_url":"https:\/\/gesmobles.cat\/es\/producto\/cabezal-mikonos-cabezal-capitone-cabezal-tapizado-moderno-cabecero-acolchado-cabezal-moderno-matrimonial-cabecero-elegante-dormitorio-cabezal-capitone-moderno-cabecero-contemporaneo-cabezal-ta\/","article_modified_time":"2026-04-13T07:37:07+00:00","og_image":[{"width":2700,"height":2080,"url":"https:\/\/gesmobles.cat\/wp-content\/uploads\/2026\/03\/choco.webp","type":"image\/webp"}],"twitter_card":"summary_large_image","twitter_misc":{"Tiempo de lectura":"1 minuto"},"schema":{"@context":"https:\/\/schema.org","@graph":[]}},"_links":{"self":[{"href":"https:\/\/gesmobles.cat\/es\/wp-json\/wp\/v2\/product\/8254","targetHints":{"allow":["GET"]}}],"collection":[{"href":"https:\/\/gesmobles.cat\/es\/wp-json\/wp\/v2\/product"}],"about":[{"href":"https:\/\/gesmobles.cat\/es\/wp-json\/wp\/v2\/types\/product"}],"replies":[{"embeddable":true,"href":"https:\/\/gesmobles.cat\/es\/wp-json\/wp\/v2\/comments?post=8254"}],"wp:featuredmedia":[{"embeddable":true,"href":"https:\/\/gesmobles.cat\/es\/wp-json\/wp\/v2\/media\/8159"}],"wp:attachment":[{"href":"https:\/\/gesmobles.cat\/es\/wp-json\/wp\/v2\/media?parent=8254"}],"wp:term":[{"taxonomy":"product_brand","embeddable":true,"href":"https:\/\/gesmobles.cat\/es\/wp-json\/wp\/v2\/product_brand?post=8254"},{"taxonomy":"product_cat","embeddable":true,"href":"https:\/\/gesmobles.cat\/es\/wp-json\/wp\/v2\/product_cat?post=8254"},{"taxonomy":"product_tag","embeddable":true,"href":"https:\/\/gesmobles.cat\/es\/wp-json\/wp\/v2\/product_tag?post=8254"}],"curies":[{"name":"wp","href":"https:\/\/api.w.org\/{rel}","templated":true}]}}