{"id":8436,"date":"2026-04-01T10:50:46","date_gmt":"2026-04-01T08:50:46","guid":{"rendered":"https:\/\/gesmobles.cat\/?post_type=product&#038;p=8436"},"modified":"2026-04-01T10:50:47","modified_gmt":"2026-04-01T08:50:47","slug":"pack-2-lamparas-decorativas-de-cristal-con-base-dorada-a-pilas-2","status":"publish","type":"product","link":"https:\/\/gesmobles.cat\/es\/producto\/pack-2-lamparas-decorativas-de-cristal-con-base-dorada-a-pilas-2\/","title":{"rendered":"Bandeja Decorativa Rectangular de Porcelana con Dise\u00f1o Tropical"},"content":{"rendered":"<p>La bandeja decorativa rectangular de porcelana con dise\u00f1o tropical es una pieza elegante y sofisticada que combina funcionalidad y estilo en un solo elemento.<\/p>\n<p>Fabricada en porcelana de alta calidad, presenta un delicado dise\u00f1o de palmeras en tonos verdes y azules que aporta frescura y un aire natural a cualquier espacio. Su acabado esmaltado realza los detalles del dibujo y facilita su limpieza.<\/p>\n<p>Gracias a su forma rectangular con bordes ligeramente elevados, es perfecta tanto para servir aperitivos o dulces como para utilizarla como elemento decorativo sobre mesas, consolas o c\u00f3modas.<\/p>\n<p>Ideal para ambientes de estilo mediterr\u00e1neo, tropical o contempor\u00e1neo, esta bandeja a\u00f1ade un toque refinado y luminoso al hogar.<\/p>\n<p>\u2714 Caracter\u00edsticas principales:<br \/>\nMaterial: Porcelana esmaltada<br \/>\nDise\u00f1o tropical con palmeras<br \/>\nForma rectangular<br \/>\nBordes elevados para mayor seguridad<br \/>\nApta para servir y decorar<br \/>\nUso interior<\/p>\n<p>Una pieza vers\u00e1til que aporta elegancia y personalidad a cualquier estancia.<\/p>\n","protected":false},"excerpt":{"rendered":"<p>Bandeja rectangular de porcelana con dise\u00f1o de palmeras en tonos verdes y azules. Perfecta para servir o decorar con un toque elegante y tropical.<\/p>\n","protected":false},"featured_media":8311,"comment_status":"open","ping_status":"closed","template":"","meta":[],"product_brand":[],"product_cat":[64,991],"product_tag":[],"class_list":{"0":"post-8436","1":"product","2":"type-product","3":"status-publish","4":"has-post-thumbnail","6":"product_cat-decoracion","7":"product_cat-jarrones-y-centros-decorativos","9":"first","10":"instock","11":"taxable","12":"shipping-taxable","13":"purchasable","14":"product-type-simple"},"acf":[],"yoast_head":"<!-- This site is optimized with the Yoast SEO plugin v27.4 - https:\/\/yoast.com\/product\/yoast-seo-wordpress\/ -->\n<title>Bandeja Decorativa Rectangular de Porcelana con Dise\u00f1o Tropical -<\/title>\n<meta name=\"description\" content=\"Bandeja decorativa rectangular de porcelana con dise\u00f1o tropical de palmeras. Elegante y vers\u00e1til, ideal para servir o decorar con estilo.\" \/>\n<meta name=\"robots\" content=\"index, follow, max-snippet:-1, max-image-preview:large, max-video-preview:-1\" \/>\n<link rel=\"canonical\" href=\"https:\/\/gesmobles.cat\/es\/producto\/pack-2-lamparas-decorativas-de-cristal-con-base-dorada-a-pilas-2\/\" \/>\n<meta property=\"og:locale\" content=\"es_ES\" \/>\n<meta property=\"og:type\" content=\"article\" \/>\n<meta property=\"og:title\" content=\"Bandeja Decorativa Rectangular de Porcelana con Dise\u00f1o Tropical -\" \/>\n<meta property=\"og:description\" content=\"Bandeja decorativa rectangular de porcelana con dise\u00f1o tropical de palmeras. Elegante y vers\u00e1til, ideal para servir o decorar con estilo.\" \/>\n<meta property=\"og:url\" content=\"https:\/\/gesmobles.cat\/es\/producto\/pack-2-lamparas-decorativas-de-cristal-con-base-dorada-a-pilas-2\/\" \/>\n<meta property=\"article:modified_time\" content=\"2026-04-01T08:50:47+00:00\" \/>\n<meta property=\"og:image\" content=\"https:\/\/gesmobles.cat\/wp-content\/uploads\/2026\/03\/ban.jpg\" \/>\n\t<meta property=\"og:image:width\" content=\"700\" \/>\n\t<meta property=\"og:image:height\" content=\"466\" \/>\n\t<meta property=\"og:image:type\" content=\"image\/jpeg\" \/>\n<meta name=\"twitter:card\" content=\"summary_large_image\" \/>\n<meta name=\"twitter:label1\" content=\"Tiempo de lectura\" \/>\n\t<meta name=\"twitter:data1\" content=\"1 minuto\" \/>\n<!-- \/ Yoast SEO plugin. -->","yoast_head_json":{"title":"Bandeja Decorativa Rectangular de Porcelana con Dise\u00f1o Tropical -","description":"Bandeja decorativa rectangular de porcelana con dise\u00f1o tropical de palmeras. Elegante y vers\u00e1til, ideal para servir o decorar con estilo.","robots":{"index":"index","follow":"follow","max-snippet":"max-snippet:-1","max-image-preview":"max-image-preview:large","max-video-preview":"max-video-preview:-1"},"canonical":"https:\/\/gesmobles.cat\/es\/producto\/pack-2-lamparas-decorativas-de-cristal-con-base-dorada-a-pilas-2\/","og_locale":"es_ES","og_type":"article","og_title":"Bandeja Decorativa Rectangular de Porcelana con Dise\u00f1o Tropical -","og_description":"Bandeja decorativa rectangular de porcelana con dise\u00f1o tropical de palmeras. Elegante y vers\u00e1til, ideal para servir o decorar con estilo.","og_url":"https:\/\/gesmobles.cat\/es\/producto\/pack-2-lamparas-decorativas-de-cristal-con-base-dorada-a-pilas-2\/","article_modified_time":"2026-04-01T08:50:47+00:00","og_image":[{"width":700,"height":466,"url":"https:\/\/gesmobles.cat\/wp-content\/uploads\/2026\/03\/ban.jpg","type":"image\/jpeg"}],"twitter_card":"summary_large_image","twitter_misc":{"Tiempo de lectura":"1 minuto"},"schema":{"@context":"https:\/\/schema.org","@graph":[]}},"_links":{"self":[{"href":"https:\/\/gesmobles.cat\/es\/wp-json\/wp\/v2\/product\/8436","targetHints":{"allow":["GET"]}}],"collection":[{"href":"https:\/\/gesmobles.cat\/es\/wp-json\/wp\/v2\/product"}],"about":[{"href":"https:\/\/gesmobles.cat\/es\/wp-json\/wp\/v2\/types\/product"}],"replies":[{"embeddable":true,"href":"https:\/\/gesmobles.cat\/es\/wp-json\/wp\/v2\/comments?post=8436"}],"wp:featuredmedia":[{"embeddable":true,"href":"https:\/\/gesmobles.cat\/es\/wp-json\/wp\/v2\/media\/8311"}],"wp:attachment":[{"href":"https:\/\/gesmobles.cat\/es\/wp-json\/wp\/v2\/media?parent=8436"}],"wp:term":[{"taxonomy":"product_brand","embeddable":true,"href":"https:\/\/gesmobles.cat\/es\/wp-json\/wp\/v2\/product_brand?post=8436"},{"taxonomy":"product_cat","embeddable":true,"href":"https:\/\/gesmobles.cat\/es\/wp-json\/wp\/v2\/product_cat?post=8436"},{"taxonomy":"product_tag","embeddable":true,"href":"https:\/\/gesmobles.cat\/es\/wp-json\/wp\/v2\/product_tag?post=8436"}],"curies":[{"name":"wp","href":"https:\/\/api.w.org\/{rel}","templated":true}]}}