{"id":8451,"date":"2026-04-02T12:08:09","date_gmt":"2026-04-02T10:08:09","guid":{"rendered":"https:\/\/gesmobles.cat\/?post_type=product&#038;p=8451"},"modified":"2026-04-02T12:08:10","modified_gmt":"2026-04-02T10:08:10","slug":"pack-2-cestas-decorativas-de-fibra-natural-con-asas-diferentes-medidas","status":"publish","type":"product","link":"https:\/\/gesmobles.cat\/es\/producto\/pack-2-cestas-decorativas-de-fibra-natural-con-asas-diferentes-medidas\/","title":{"rendered":"Pack 2 Cestas Decorativas de Fibra Natural con Asas \u2013 Diferentes Medidas"},"content":{"rendered":"<p data-start=\"324\" data-end=\"472\">Este <strong data-start=\"329\" data-end=\"373\">pack de 2 cestas decorativas artesanales<\/strong> incluye dos piezas de diferentes tama\u00f1os que combinan dise\u00f1o y funcionalidad en un mismo conjunto.<\/p>\n<p data-start=\"474\" data-end=\"649\">Fabricadas en fibra natural trenzada, presentan un acabado en tono natural con detalle blanco en la parte inferior, aportando un estilo c\u00e1lido y elegante a cualquier estancia.<\/p>\n<p data-start=\"651\" data-end=\"814\">Se venden juntas como pack indivisible, ideal para crear composici\u00f3n decorativa o para organizar distintos espacios del hogar: sal\u00f3n, dormitorio, ba\u00f1o o recibidor.<\/p>\n<p data-start=\"816\" data-end=\"885\">Perfectas para guardar mantas, cojines, juguetes, revistas o macetas.<\/p>\n<p data-start=\"887\" data-end=\"1037\">\u2714 Pack de 2 unidades<br data-start=\"907\" data-end=\"910\" \/>\u2714 Diferentes medidas<br data-start=\"930\" data-end=\"933\" \/>\u2714 Fibra natural resistente<br data-start=\"959\" data-end=\"962\" \/>\u2714 Asas integradas para f\u00e1cil transporte<br data-start=\"1001\" data-end=\"1004\" \/>\u2714 Dise\u00f1o decorativo y funcional<\/p>\n<p data-start=\"1039\" data-end=\"1102\">Una soluci\u00f3n pr\u00e1ctica que adem\u00e1s eleva la est\u00e9tica de tu hogar.<\/p>\n","protected":false},"excerpt":{"rendered":"<p>Pack de 2 cestas decorativas de fibra natural en diferentes tama\u00f1os. Funcionales, resistentes y perfectas para organizar con estilo.<\/p>\n","protected":false},"featured_media":8452,"comment_status":"open","ping_status":"closed","template":"","meta":[],"product_brand":[],"product_cat":[64],"product_tag":[],"class_list":{"0":"post-8451","1":"product","2":"type-product","3":"status-publish","4":"has-post-thumbnail","6":"product_cat-decoracion","8":"first","9":"instock","10":"taxable","11":"shipping-taxable","12":"purchasable","13":"product-type-simple"},"acf":[],"yoast_head":"<!-- This site is optimized with the Yoast SEO plugin v27.4 - https:\/\/yoast.com\/product\/yoast-seo-wordpress\/ -->\n<title>Pack 2 Cestas Decorativas de Fibra Natural con Asas \u2013 Diferentes Medidas -<\/title>\n<meta name=\"description\" content=\"Pack de 2 cestas decorativas de fibra natural con asas y diferentes medidas. Dise\u00f1o artesanal perfecto para organizar y decorar tu hogar.\" \/>\n<meta name=\"robots\" content=\"index, follow, max-snippet:-1, max-image-preview:large, max-video-preview:-1\" \/>\n<link rel=\"canonical\" href=\"https:\/\/gesmobles.cat\/es\/producto\/pack-2-cestas-decorativas-de-fibra-natural-con-asas-diferentes-medidas\/\" \/>\n<meta property=\"og:locale\" content=\"es_ES\" \/>\n<meta property=\"og:type\" content=\"article\" \/>\n<meta property=\"og:title\" content=\"Pack 2 Cestas Decorativas de Fibra Natural con Asas \u2013 Diferentes Medidas -\" \/>\n<meta property=\"og:description\" content=\"Pack de 2 cestas decorativas de fibra natural con asas y diferentes medidas. Dise\u00f1o artesanal perfecto para organizar y decorar tu hogar.\" \/>\n<meta property=\"og:url\" content=\"https:\/\/gesmobles.cat\/es\/producto\/pack-2-cestas-decorativas-de-fibra-natural-con-asas-diferentes-medidas\/\" \/>\n<meta property=\"article:modified_time\" content=\"2026-04-02T10:08:10+00:00\" \/>\n<meta property=\"og:image\" content=\"https:\/\/gesmobles.cat\/wp-content\/uploads\/2026\/04\/ces.jpg\" \/>\n\t<meta property=\"og:image:width\" content=\"700\" \/>\n\t<meta property=\"og:image:height\" content=\"466\" \/>\n\t<meta property=\"og:image:type\" content=\"image\/jpeg\" \/>\n<meta name=\"twitter:card\" content=\"summary_large_image\" \/>\n<meta name=\"twitter:label1\" content=\"Tiempo de lectura\" \/>\n\t<meta name=\"twitter:data1\" content=\"1 minuto\" \/>\n<!-- \/ Yoast SEO plugin. -->","yoast_head_json":{"title":"Pack 2 Cestas Decorativas de Fibra Natural con Asas \u2013 Diferentes Medidas -","description":"Pack de 2 cestas decorativas de fibra natural con asas y diferentes medidas. Dise\u00f1o artesanal perfecto para organizar y decorar tu hogar.","robots":{"index":"index","follow":"follow","max-snippet":"max-snippet:-1","max-image-preview":"max-image-preview:large","max-video-preview":"max-video-preview:-1"},"canonical":"https:\/\/gesmobles.cat\/es\/producto\/pack-2-cestas-decorativas-de-fibra-natural-con-asas-diferentes-medidas\/","og_locale":"es_ES","og_type":"article","og_title":"Pack 2 Cestas Decorativas de Fibra Natural con Asas \u2013 Diferentes Medidas -","og_description":"Pack de 2 cestas decorativas de fibra natural con asas y diferentes medidas. Dise\u00f1o artesanal perfecto para organizar y decorar tu hogar.","og_url":"https:\/\/gesmobles.cat\/es\/producto\/pack-2-cestas-decorativas-de-fibra-natural-con-asas-diferentes-medidas\/","article_modified_time":"2026-04-02T10:08:10+00:00","og_image":[{"width":700,"height":466,"url":"https:\/\/gesmobles.cat\/wp-content\/uploads\/2026\/04\/ces.jpg","type":"image\/jpeg"}],"twitter_card":"summary_large_image","twitter_misc":{"Tiempo de lectura":"1 minuto"},"schema":{"@context":"https:\/\/schema.org","@graph":[]}},"_links":{"self":[{"href":"https:\/\/gesmobles.cat\/es\/wp-json\/wp\/v2\/product\/8451","targetHints":{"allow":["GET"]}}],"collection":[{"href":"https:\/\/gesmobles.cat\/es\/wp-json\/wp\/v2\/product"}],"about":[{"href":"https:\/\/gesmobles.cat\/es\/wp-json\/wp\/v2\/types\/product"}],"replies":[{"embeddable":true,"href":"https:\/\/gesmobles.cat\/es\/wp-json\/wp\/v2\/comments?post=8451"}],"wp:featuredmedia":[{"embeddable":true,"href":"https:\/\/gesmobles.cat\/es\/wp-json\/wp\/v2\/media\/8452"}],"wp:attachment":[{"href":"https:\/\/gesmobles.cat\/es\/wp-json\/wp\/v2\/media?parent=8451"}],"wp:term":[{"taxonomy":"product_brand","embeddable":true,"href":"https:\/\/gesmobles.cat\/es\/wp-json\/wp\/v2\/product_brand?post=8451"},{"taxonomy":"product_cat","embeddable":true,"href":"https:\/\/gesmobles.cat\/es\/wp-json\/wp\/v2\/product_cat?post=8451"},{"taxonomy":"product_tag","embeddable":true,"href":"https:\/\/gesmobles.cat\/es\/wp-json\/wp\/v2\/product_tag?post=8451"}],"curies":[{"name":"wp","href":"https:\/\/api.w.org\/{rel}","templated":true}]}}