{"id":8489,"date":"2026-04-08T16:52:04","date_gmt":"2026-04-08T14:52:04","guid":{"rendered":"https:\/\/gesmobles.cat\/?post_type=product&#038;p=8489"},"modified":"2026-04-08T16:52:05","modified_gmt":"2026-04-08T14:52:05","slug":"vitrina-blanca-de-madera-maciza-de-haya-diseno-exclusivo-con-cajones-y-cristal","status":"publish","type":"product","link":"https:\/\/gesmobles.cat\/es\/producto\/vitrina-blanca-de-madera-maciza-de-haya-diseno-exclusivo-con-cajones-y-cristal\/","title":{"rendered":"Vitrina Blanca de Madera Maciza de Haya \u2013 Dise\u00f1o Exclusivo con Cajones y Cristal"},"content":{"rendered":"<p>Esta vitrina blanca de dise\u00f1o elegante es una pieza \u00fanica, dise\u00f1ada por nuestro equipo y fabricada en madera maciza de haya, lo que garantiza resistencia, durabilidad y un acabado de alta calidad.<\/p>\n<p>Su dise\u00f1o cuidado y sus l\u00edneas equilibradas la convierten en un mueble protagonista en cualquier sal\u00f3n o comedor, aportando luminosidad y un toque sofisticado.<\/p>\n<p>La parte superior con puertas de cristal permite exhibir vajilla, copas o decoraci\u00f3n, creando un espacio visual ligero y elegante. Adem\u00e1s, los estantes laterales abiertos son perfectos para destacar piezas decorativas.<\/p>\n<p>En la parte inferior, incorpora m\u00faltiples cajones y compartimentos que ofrecen una gran capacidad de almacenaje, ideal para mantener el orden en el d\u00eda a d\u00eda.<\/p>\n<p>\ud83c\udf3f Fabricada en madera maciza de haya, un material noble, resistente y duradero.<br \/>\n\u2728 Dise\u00f1o exclusivo creado por nuestro equipo, una pieza \u00fanica que no encontrar\u00e1s en cualquier sitio.<\/p>\n<p>\ud83d\udc49 Un mueble con car\u00e1cter, calidad y pensado para durar toda la vida.<\/p>\n<p>\u26a0\ufe0f <strong data-start=\"1235\" data-end=\"1318\">Las copas y elementos decorativos mostrados en las im\u00e1genes no est\u00e1n incluidos.<\/strong><\/p>\n","protected":false},"excerpt":{"rendered":"<p>Vitrina blanca de madera maciza de haya con cristal y cajones. Dise\u00f1o exclusivo, resistente y elegante. <em data-start=\"2176\" data-end=\"2201\">Decoraci\u00f3n no incluida.<\/em><\/p>\n","protected":false},"featured_media":8490,"comment_status":"open","ping_status":"closed","template":"","meta":[],"product_brand":[],"product_cat":[51,84],"product_tag":[],"class_list":{"0":"post-8489","1":"product","2":"type-product","3":"status-publish","4":"has-post-thumbnail","6":"product_cat-muebles-es","7":"product_cat-mueble-auxiliar","9":"first","10":"instock","11":"taxable","12":"shipping-taxable","13":"purchasable","14":"product-type-simple"},"acf":[],"yoast_head":"<!-- This site is optimized with the Yoast SEO plugin v27.4 - https:\/\/yoast.com\/product\/yoast-seo-wordpress\/ -->\n<title>Vitrina Blanca de Madera Maciza de Haya \u2013 Dise\u00f1o Exclusivo con Cajones y Cristal -<\/title>\n<meta name=\"description\" content=\"Vitrina blanca de madera maciza de haya con cajones y cristal. Dise\u00f1o exclusivo, resistente y elegante. Ideal para sal\u00f3n o comedor.\" \/>\n<meta name=\"robots\" content=\"index, follow, max-snippet:-1, max-image-preview:large, max-video-preview:-1\" \/>\n<link rel=\"canonical\" href=\"https:\/\/gesmobles.cat\/es\/producto\/vitrina-blanca-de-madera-maciza-de-haya-diseno-exclusivo-con-cajones-y-cristal\/\" \/>\n<meta property=\"og:locale\" content=\"es_ES\" \/>\n<meta property=\"og:type\" content=\"article\" \/>\n<meta property=\"og:title\" content=\"Vitrina Blanca de Madera Maciza de Haya \u2013 Dise\u00f1o Exclusivo con Cajones y Cristal -\" \/>\n<meta property=\"og:description\" content=\"Vitrina blanca de madera maciza de haya con cajones y cristal. Dise\u00f1o exclusivo, resistente y elegante. Ideal para sal\u00f3n o comedor.\" \/>\n<meta property=\"og:url\" content=\"https:\/\/gesmobles.cat\/es\/producto\/vitrina-blanca-de-madera-maciza-de-haya-diseno-exclusivo-con-cajones-y-cristal\/\" \/>\n<meta property=\"article:modified_time\" content=\"2026-04-08T14:52:05+00:00\" \/>\n<meta property=\"og:image\" content=\"https:\/\/gesmobles.cat\/wp-content\/uploads\/2026\/04\/vitrina-blanca-con-copas-de-colores.png\" \/>\n\t<meta property=\"og:image:width\" content=\"1024\" \/>\n\t<meta property=\"og:image:height\" content=\"1536\" \/>\n\t<meta property=\"og:image:type\" content=\"image\/png\" \/>\n<meta name=\"twitter:card\" content=\"summary_large_image\" \/>\n<meta name=\"twitter:label1\" content=\"Tiempo de lectura\" \/>\n\t<meta name=\"twitter:data1\" content=\"1 minuto\" \/>\n<!-- \/ Yoast SEO plugin. -->","yoast_head_json":{"title":"Vitrina Blanca de Madera Maciza de Haya \u2013 Dise\u00f1o Exclusivo con Cajones y Cristal -","description":"Vitrina blanca de madera maciza de haya con cajones y cristal. Dise\u00f1o exclusivo, resistente y elegante. Ideal para sal\u00f3n o comedor.","robots":{"index":"index","follow":"follow","max-snippet":"max-snippet:-1","max-image-preview":"max-image-preview:large","max-video-preview":"max-video-preview:-1"},"canonical":"https:\/\/gesmobles.cat\/es\/producto\/vitrina-blanca-de-madera-maciza-de-haya-diseno-exclusivo-con-cajones-y-cristal\/","og_locale":"es_ES","og_type":"article","og_title":"Vitrina Blanca de Madera Maciza de Haya \u2013 Dise\u00f1o Exclusivo con Cajones y Cristal -","og_description":"Vitrina blanca de madera maciza de haya con cajones y cristal. Dise\u00f1o exclusivo, resistente y elegante. Ideal para sal\u00f3n o comedor.","og_url":"https:\/\/gesmobles.cat\/es\/producto\/vitrina-blanca-de-madera-maciza-de-haya-diseno-exclusivo-con-cajones-y-cristal\/","article_modified_time":"2026-04-08T14:52:05+00:00","og_image":[{"width":1024,"height":1536,"url":"https:\/\/gesmobles.cat\/wp-content\/uploads\/2026\/04\/vitrina-blanca-con-copas-de-colores.png","type":"image\/png"}],"twitter_card":"summary_large_image","twitter_misc":{"Tiempo de lectura":"1 minuto"},"schema":{"@context":"https:\/\/schema.org","@graph":[]}},"_links":{"self":[{"href":"https:\/\/gesmobles.cat\/es\/wp-json\/wp\/v2\/product\/8489","targetHints":{"allow":["GET"]}}],"collection":[{"href":"https:\/\/gesmobles.cat\/es\/wp-json\/wp\/v2\/product"}],"about":[{"href":"https:\/\/gesmobles.cat\/es\/wp-json\/wp\/v2\/types\/product"}],"replies":[{"embeddable":true,"href":"https:\/\/gesmobles.cat\/es\/wp-json\/wp\/v2\/comments?post=8489"}],"wp:featuredmedia":[{"embeddable":true,"href":"https:\/\/gesmobles.cat\/es\/wp-json\/wp\/v2\/media\/8490"}],"wp:attachment":[{"href":"https:\/\/gesmobles.cat\/es\/wp-json\/wp\/v2\/media?parent=8489"}],"wp:term":[{"taxonomy":"product_brand","embeddable":true,"href":"https:\/\/gesmobles.cat\/es\/wp-json\/wp\/v2\/product_brand?post=8489"},{"taxonomy":"product_cat","embeddable":true,"href":"https:\/\/gesmobles.cat\/es\/wp-json\/wp\/v2\/product_cat?post=8489"},{"taxonomy":"product_tag","embeddable":true,"href":"https:\/\/gesmobles.cat\/es\/wp-json\/wp\/v2\/product_tag?post=8489"}],"curies":[{"name":"wp","href":"https:\/\/api.w.org\/{rel}","templated":true}]}}