{"id":8507,"date":"2026-04-09T17:53:36","date_gmt":"2026-04-09T15:53:36","guid":{"rendered":"https:\/\/gesmobles.cat\/?post_type=product&#038;p=8507"},"modified":"2026-04-16T09:34:44","modified_gmt":"2026-04-16T07:34:44","slug":"mesa-de-comedor-extensible-de-madera-maciza-de-haya-octogonal-blanca","status":"publish","type":"product","link":"https:\/\/gesmobles.cat\/es\/producto\/mesa-de-comedor-extensible-de-madera-maciza-de-haya-octogonal-blanca\/","title":{"rendered":"Mesa de comedor extensible de madera maciza de haya Octogonal Blanca"},"content":{"rendered":"<p data-start=\"253\" data-end=\"545\">Mesa de comedor extensible fabricada en <strong data-start=\"293\" data-end=\"318\">madera maciza de haya<\/strong>, dise\u00f1ada para aportar elegancia, funcionalidad y durabilidad a cualquier espacio. Su dise\u00f1o octogonal y su acabado en color blanco la convierten en una pieza vers\u00e1til, perfecta tanto para estilos cl\u00e1sicos como contempor\u00e1neos.<\/p>\n<p data-start=\"547\" data-end=\"746\">Gracias a su sistema extensible, esta mesa pasa de su medida original a <strong data-start=\"619\" data-end=\"629\">163 cm<\/strong>, permitiendo adaptarse f\u00e1cilmente a reuniones familiares o comidas con invitados sin perder estabilidad ni est\u00e9tica.<\/p>\n<p data-start=\"748\" data-end=\"927\">La estructura robusta y su base central con dise\u00f1o curvado ofrecen una gran resistencia y comodidad, evitando obst\u00e1culos en las patas y facilitando el aprovechamiento del espacio.<\/p>\n<p data-start=\"929\" data-end=\"1054\">Ideal para comedores, cocinas o espacios multifuncionales, esta mesa combina dise\u00f1o, calidad y practicidad en una sola pieza.<\/p>\n","protected":false},"excerpt":{"rendered":"<p>Mesa de comedor extensible de madera maciza de haya con dise\u00f1o octogonal y acabado blanco. Se extiende hasta 163 cm, ideal para adaptarse a cualquier ocasi\u00f3n con estilo y funcionalidad.<\/p>\n","protected":false},"featured_media":8508,"comment_status":"open","ping_status":"closed","template":"","meta":[],"product_brand":[],"product_cat":[51,58,97],"product_tag":[],"class_list":{"0":"post-8507","1":"product","2":"type-product","3":"status-publish","4":"has-post-thumbnail","6":"product_cat-muebles-es","7":"product_cat-mesas","8":"product_cat-mesas-comedor","10":"first","11":"instock","12":"taxable","13":"shipping-taxable","14":"purchasable","15":"product-type-simple"},"acf":[],"yoast_head":"<!-- This site is optimized with the Yoast SEO plugin v27.4 - https:\/\/yoast.com\/product\/yoast-seo-wordpress\/ -->\n<title>Mesa de comedor extensible de madera maciza de haya Octogonal Blanca -<\/title>\n<meta name=\"description\" content=\"Mesa de comedor extensible de madera maciza de haya en acabado blanco. Dise\u00f1o elegante y funcional, extensible hasta 163 cm. Ideal para tu hogar.\" \/>\n<meta name=\"robots\" content=\"index, follow, max-snippet:-1, max-image-preview:large, max-video-preview:-1\" \/>\n<link rel=\"canonical\" href=\"https:\/\/gesmobles.cat\/es\/producto\/mesa-de-comedor-extensible-de-madera-maciza-de-haya-octogonal-blanca\/\" \/>\n<meta property=\"og:locale\" content=\"es_ES\" \/>\n<meta property=\"og:type\" content=\"article\" \/>\n<meta property=\"og:title\" content=\"Mesa de comedor extensible de madera maciza de haya Octogonal Blanca -\" \/>\n<meta property=\"og:description\" content=\"Mesa de comedor extensible de madera maciza de haya en acabado blanco. Dise\u00f1o elegante y funcional, extensible hasta 163 cm. Ideal para tu hogar.\" \/>\n<meta property=\"og:url\" content=\"https:\/\/gesmobles.cat\/es\/producto\/mesa-de-comedor-extensible-de-madera-maciza-de-haya-octogonal-blanca\/\" \/>\n<meta property=\"article:modified_time\" content=\"2026-04-16T07:34:44+00:00\" \/>\n<meta property=\"og:image\" content=\"https:\/\/gesmobles.cat\/wp-content\/uploads\/2026\/04\/mesa-octagonal-elegante-y-clasica-1024x683.png\" \/>\n\t<meta property=\"og:image:width\" content=\"1024\" \/>\n\t<meta property=\"og:image:height\" content=\"683\" \/>\n\t<meta property=\"og:image:type\" content=\"image\/png\" \/>\n<meta name=\"twitter:card\" content=\"summary_large_image\" \/>\n<meta name=\"twitter:label1\" content=\"Tiempo de lectura\" \/>\n\t<meta name=\"twitter:data1\" content=\"1 minuto\" \/>\n<!-- \/ Yoast SEO plugin. -->","yoast_head_json":{"title":"Mesa de comedor extensible de madera maciza de haya Octogonal Blanca -","description":"Mesa de comedor extensible de madera maciza de haya en acabado blanco. Dise\u00f1o elegante y funcional, extensible hasta 163 cm. Ideal para tu hogar.","robots":{"index":"index","follow":"follow","max-snippet":"max-snippet:-1","max-image-preview":"max-image-preview:large","max-video-preview":"max-video-preview:-1"},"canonical":"https:\/\/gesmobles.cat\/es\/producto\/mesa-de-comedor-extensible-de-madera-maciza-de-haya-octogonal-blanca\/","og_locale":"es_ES","og_type":"article","og_title":"Mesa de comedor extensible de madera maciza de haya Octogonal Blanca -","og_description":"Mesa de comedor extensible de madera maciza de haya en acabado blanco. Dise\u00f1o elegante y funcional, extensible hasta 163 cm. Ideal para tu hogar.","og_url":"https:\/\/gesmobles.cat\/es\/producto\/mesa-de-comedor-extensible-de-madera-maciza-de-haya-octogonal-blanca\/","article_modified_time":"2026-04-16T07:34:44+00:00","og_image":[{"width":1024,"height":683,"url":"https:\/\/gesmobles.cat\/wp-content\/uploads\/2026\/04\/mesa-octagonal-elegante-y-clasica-1024x683.png","type":"image\/png"}],"twitter_card":"summary_large_image","twitter_misc":{"Tiempo de lectura":"1 minuto"},"schema":{"@context":"https:\/\/schema.org","@graph":[]}},"_links":{"self":[{"href":"https:\/\/gesmobles.cat\/es\/wp-json\/wp\/v2\/product\/8507","targetHints":{"allow":["GET"]}}],"collection":[{"href":"https:\/\/gesmobles.cat\/es\/wp-json\/wp\/v2\/product"}],"about":[{"href":"https:\/\/gesmobles.cat\/es\/wp-json\/wp\/v2\/types\/product"}],"replies":[{"embeddable":true,"href":"https:\/\/gesmobles.cat\/es\/wp-json\/wp\/v2\/comments?post=8507"}],"wp:featuredmedia":[{"embeddable":true,"href":"https:\/\/gesmobles.cat\/es\/wp-json\/wp\/v2\/media\/8508"}],"wp:attachment":[{"href":"https:\/\/gesmobles.cat\/es\/wp-json\/wp\/v2\/media?parent=8507"}],"wp:term":[{"taxonomy":"product_brand","embeddable":true,"href":"https:\/\/gesmobles.cat\/es\/wp-json\/wp\/v2\/product_brand?post=8507"},{"taxonomy":"product_cat","embeddable":true,"href":"https:\/\/gesmobles.cat\/es\/wp-json\/wp\/v2\/product_cat?post=8507"},{"taxonomy":"product_tag","embeddable":true,"href":"https:\/\/gesmobles.cat\/es\/wp-json\/wp\/v2\/product_tag?post=8507"}],"curies":[{"name":"wp","href":"https:\/\/api.w.org\/{rel}","templated":true}]}}