{"id":8525,"date":"2026-04-10T18:23:50","date_gmt":"2026-04-10T16:23:50","guid":{"rendered":"https:\/\/gesmobles.cat\/?post_type=product&#038;p=8525"},"modified":"2026-04-10T18:23:51","modified_gmt":"2026-04-10T16:23:51","slug":"bol-decorativo-de-vidrio-mosaico-verde-ambar-diseno-artesanal-moderno","status":"publish","type":"product","link":"https:\/\/gesmobles.cat\/es\/producto\/bol-decorativo-de-vidrio-mosaico-verde-ambar-diseno-artesanal-moderno\/","title":{"rendered":"Bol Decorativo de Vidrio Mosaico Verde \u00c1mbar \u2013 Dise\u00f1o Artesanal Moderno"},"content":{"rendered":"<p data-start=\"355\" data-end=\"665\">Este bol decorativo de vidrio artesanal destaca por su espectacular acabado en mosaico en tonos verdes, \u00e1mbar y marr\u00f3n, creando un efecto visual elegante y sofisticado. Su dise\u00f1o org\u00e1nico y contempor\u00e1neo lo convierte en una pieza perfecta tanto para decoraci\u00f3n moderna como para ambientes r\u00fasticos o naturales.<\/p>\n<p data-start=\"667\" data-end=\"916\">Fabricado en vidrio grueso de alta calidad, combina resistencia y estilo. Su forma amplia y ligeramente inclinada aporta dinamismo visual, siendo ideal como centro de mesa, frutero decorativo o pieza protagonista en salones, recibidores y comedores.<\/p>\n<p data-start=\"918\" data-end=\"1034\">Cada pieza presenta variaciones \u00fanicas en el patr\u00f3n del mosaico, lo que garantiza un car\u00e1cter exclusivo y artesanal.<\/p>\n<p data-start=\"1036\" data-end=\"1157\">\u2714 Dise\u00f1o moderno y atemporal<br data-start=\"1064\" data-end=\"1067\" \/>\u2714 Ideal como centro de mesa<br data-start=\"1094\" data-end=\"1097\" \/>\u2714 Vidrio grueso y resistente<br data-start=\"1125\" data-end=\"1128\" \/>\u2714 Pieza decorativa vers\u00e1til<\/p>\n<p data-start=\"1159\" data-end=\"1240\">Aporta color, textura y personalidad a tu hogar con este bol de dise\u00f1o art\u00edstico.<\/p>\n","protected":false},"excerpt":{"rendered":"<p>Bol decorativo de vidrio artesanal con acabado mosaico en tonos verdes y \u00e1mbar. Perfecto como centro de mesa elegante y pieza de dise\u00f1o contempor\u00e1neo.<\/p>\n","protected":false},"featured_media":8526,"comment_status":"open","ping_status":"closed","template":"","meta":[],"product_brand":[],"product_cat":[64,991],"product_tag":[],"class_list":{"0":"post-8525","1":"product","2":"type-product","3":"status-publish","4":"has-post-thumbnail","6":"product_cat-decoracion","7":"product_cat-jarrones-y-centros-decorativos","9":"first","10":"instock","11":"taxable","12":"shipping-taxable","13":"purchasable","14":"product-type-simple"},"acf":[],"yoast_head":"<!-- This site is optimized with the Yoast SEO plugin v27.4 - https:\/\/yoast.com\/product\/yoast-seo-wordpress\/ -->\n<title>Bol Decorativo de Vidrio Mosaico Verde \u00c1mbar \u2013 Dise\u00f1o Artesanal Moderno -<\/title>\n<meta name=\"description\" content=\"Bol decorativo de vidrio artesanal en tonos verdes y \u00e1mbar. Dise\u00f1o moderno tipo mosaico, ideal como centro de mesa elegante y pieza decorativa \u00fanica.\" \/>\n<meta name=\"robots\" content=\"index, follow, max-snippet:-1, max-image-preview:large, max-video-preview:-1\" \/>\n<link rel=\"canonical\" href=\"https:\/\/gesmobles.cat\/es\/producto\/bol-decorativo-de-vidrio-mosaico-verde-ambar-diseno-artesanal-moderno\/\" \/>\n<meta property=\"og:locale\" content=\"es_ES\" \/>\n<meta property=\"og:type\" content=\"article\" \/>\n<meta property=\"og:title\" content=\"Bol Decorativo de Vidrio Mosaico Verde \u00c1mbar \u2013 Dise\u00f1o Artesanal Moderno -\" \/>\n<meta property=\"og:description\" content=\"Bol decorativo de vidrio artesanal en tonos verdes y \u00e1mbar. Dise\u00f1o moderno tipo mosaico, ideal como centro de mesa elegante y pieza decorativa \u00fanica.\" \/>\n<meta property=\"og:url\" content=\"https:\/\/gesmobles.cat\/es\/producto\/bol-decorativo-de-vidrio-mosaico-verde-ambar-diseno-artesanal-moderno\/\" \/>\n<meta property=\"article:modified_time\" content=\"2026-04-10T16:23:51+00:00\" \/>\n<meta property=\"og:image\" content=\"https:\/\/gesmobles.cat\/wp-content\/uploads\/2026\/04\/centro.jpg\" \/>\n\t<meta property=\"og:image:width\" content=\"700\" \/>\n\t<meta property=\"og:image:height\" content=\"466\" \/>\n\t<meta property=\"og:image:type\" content=\"image\/jpeg\" \/>\n<meta name=\"twitter:card\" content=\"summary_large_image\" \/>\n<meta name=\"twitter:label1\" content=\"Tiempo de lectura\" \/>\n\t<meta name=\"twitter:data1\" content=\"1 minuto\" \/>\n<!-- \/ Yoast SEO plugin. -->","yoast_head_json":{"title":"Bol Decorativo de Vidrio Mosaico Verde \u00c1mbar \u2013 Dise\u00f1o Artesanal Moderno -","description":"Bol decorativo de vidrio artesanal en tonos verdes y \u00e1mbar. Dise\u00f1o moderno tipo mosaico, ideal como centro de mesa elegante y pieza decorativa \u00fanica.","robots":{"index":"index","follow":"follow","max-snippet":"max-snippet:-1","max-image-preview":"max-image-preview:large","max-video-preview":"max-video-preview:-1"},"canonical":"https:\/\/gesmobles.cat\/es\/producto\/bol-decorativo-de-vidrio-mosaico-verde-ambar-diseno-artesanal-moderno\/","og_locale":"es_ES","og_type":"article","og_title":"Bol Decorativo de Vidrio Mosaico Verde \u00c1mbar \u2013 Dise\u00f1o Artesanal Moderno -","og_description":"Bol decorativo de vidrio artesanal en tonos verdes y \u00e1mbar. Dise\u00f1o moderno tipo mosaico, ideal como centro de mesa elegante y pieza decorativa \u00fanica.","og_url":"https:\/\/gesmobles.cat\/es\/producto\/bol-decorativo-de-vidrio-mosaico-verde-ambar-diseno-artesanal-moderno\/","article_modified_time":"2026-04-10T16:23:51+00:00","og_image":[{"width":700,"height":466,"url":"https:\/\/gesmobles.cat\/wp-content\/uploads\/2026\/04\/centro.jpg","type":"image\/jpeg"}],"twitter_card":"summary_large_image","twitter_misc":{"Tiempo de lectura":"1 minuto"},"schema":{"@context":"https:\/\/schema.org","@graph":[]}},"_links":{"self":[{"href":"https:\/\/gesmobles.cat\/es\/wp-json\/wp\/v2\/product\/8525","targetHints":{"allow":["GET"]}}],"collection":[{"href":"https:\/\/gesmobles.cat\/es\/wp-json\/wp\/v2\/product"}],"about":[{"href":"https:\/\/gesmobles.cat\/es\/wp-json\/wp\/v2\/types\/product"}],"replies":[{"embeddable":true,"href":"https:\/\/gesmobles.cat\/es\/wp-json\/wp\/v2\/comments?post=8525"}],"wp:featuredmedia":[{"embeddable":true,"href":"https:\/\/gesmobles.cat\/es\/wp-json\/wp\/v2\/media\/8526"}],"wp:attachment":[{"href":"https:\/\/gesmobles.cat\/es\/wp-json\/wp\/v2\/media?parent=8525"}],"wp:term":[{"taxonomy":"product_brand","embeddable":true,"href":"https:\/\/gesmobles.cat\/es\/wp-json\/wp\/v2\/product_brand?post=8525"},{"taxonomy":"product_cat","embeddable":true,"href":"https:\/\/gesmobles.cat\/es\/wp-json\/wp\/v2\/product_cat?post=8525"},{"taxonomy":"product_tag","embeddable":true,"href":"https:\/\/gesmobles.cat\/es\/wp-json\/wp\/v2\/product_tag?post=8525"}],"curies":[{"name":"wp","href":"https:\/\/api.w.org\/{rel}","templated":true}]}}