{"id":8714,"date":"2026-04-27T09:37:38","date_gmt":"2026-04-27T07:37:38","guid":{"rendered":"https:\/\/gesmobles.cat\/?post_type=product&#038;p=8714"},"modified":"2026-04-27T09:37:39","modified_gmt":"2026-04-27T07:37:39","slug":"sofa-relax-electrico-2-plazas-con-usb-y-tejido-gris","status":"publish","type":"product","link":"https:\/\/gesmobles.cat\/es\/producto\/sofa-relax-electrico-2-plazas-con-usb-y-tejido-gris\/","title":{"rendered":"Sof\u00e1 Relax El\u00e9ctrico 2 Plazas con USB y Tejido Gris"},"content":{"rendered":"<p data-start=\"206\" data-end=\"538\">Disfruta del m\u00e1ximo confort en tu hogar con este sof\u00e1 relax el\u00e9ctrico de 2 plazas, dise\u00f1ado para ofrecer comodidad, funcionalidad y estilo en un solo producto. Su sistema de apertura motorizada permite reclinar el respaldo y elevar el reposapi\u00e9s de forma suave y silenciosa, adapt\u00e1ndose perfectamente a tu postura ideal de descanso.<\/p>\n<p data-start=\"540\" data-end=\"815\">Tapizado en elegante tejido gris de alta calidad, este sof\u00e1 combina f\u00e1cilmente con cualquier tipo de decoraci\u00f3n, aportando un toque moderno y acogedor. Sus asientos amplios y acolchados, junto con los reposabrazos ergon\u00f3micos, garantizan una experiencia de descanso superior.<\/p>\n<p data-start=\"817\" data-end=\"985\">Adem\u00e1s, incorpora un pr\u00e1ctico puerto USB integrado, ideal para cargar tus dispositivos sin levantarte del sof\u00e1, convirti\u00e9ndolo en una opci\u00f3n perfecta para el d\u00eda a d\u00eda.<\/p>\n<p data-start=\"987\" data-end=\"1116\">Su estructura robusta y mecanismo met\u00e1lico de alta resistencia aseguran durabilidad y estabilidad, pensado para un uso intensivo.<\/p>\n<p data-start=\"1118\" data-end=\"1206\">Ideal para salones modernos, zonas de relax o espacios donde el confort es protagonista.<\/p>\n","protected":false},"excerpt":{"rendered":"<p>Sof\u00e1 relax el\u00e9ctrico de 2 plazas con apertura motorizada, puerto USB y tapizado en tejido gris. Confort, dise\u00f1o moderno y funcionalidad en un solo sof\u00e1.<\/p>\n","protected":false},"featured_media":8715,"comment_status":"open","ping_status":"closed","template":"","meta":[],"product_brand":[],"product_cat":[53],"product_tag":[525,527,529,531,533,569],"class_list":{"0":"post-8714","1":"product","2":"type-product","3":"status-publish","4":"has-post-thumbnail","6":"product_cat-sofas-es","7":"product_tag-sofa-3-plazas","8":"product_tag-sofa-gris-claro","9":"product_tag-sofa-comodo","10":"product_tag-sofas-online","11":"product_tag-sofas-elegantes","12":"product_tag-decoracion-sofa","14":"first","15":"instock","16":"taxable","17":"shipping-taxable","18":"purchasable","19":"product-type-simple"},"acf":[],"yoast_head":"<!-- This site is optimized with the Yoast SEO plugin v27.4 - https:\/\/yoast.com\/product\/yoast-seo-wordpress\/ -->\n<title>Sof\u00e1 Relax El\u00e9ctrico 2 Plazas con USB y Tejido Gris -<\/title>\n<meta name=\"description\" content=\"Sof\u00e1 relax el\u00e9ctrico de 2 plazas con USB integrado, tapizado en gris. M\u00e1ximo confort, dise\u00f1o moderno y apertura motorizada para tu descanso diario.\" \/>\n<meta name=\"robots\" content=\"index, follow, max-snippet:-1, max-image-preview:large, max-video-preview:-1\" \/>\n<link rel=\"canonical\" href=\"https:\/\/gesmobles.cat\/es\/producto\/sofa-relax-electrico-2-plazas-con-usb-y-tejido-gris\/\" \/>\n<meta property=\"og:locale\" content=\"es_ES\" \/>\n<meta property=\"og:type\" content=\"article\" \/>\n<meta property=\"og:title\" content=\"Sof\u00e1 Relax El\u00e9ctrico 2 Plazas con USB y Tejido Gris -\" \/>\n<meta property=\"og:description\" content=\"Sof\u00e1 relax el\u00e9ctrico de 2 plazas con USB integrado, tapizado en gris. M\u00e1ximo confort, dise\u00f1o moderno y apertura motorizada para tu descanso diario.\" \/>\n<meta property=\"og:url\" content=\"https:\/\/gesmobles.cat\/es\/producto\/sofa-relax-electrico-2-plazas-con-usb-y-tejido-gris\/\" \/>\n<meta property=\"article:modified_time\" content=\"2026-04-27T07:37:39+00:00\" \/>\n<meta property=\"og:image\" content=\"https:\/\/gesmobles.cat\/wp-content\/uploads\/2026\/04\/rose6.png\" \/>\n\t<meta property=\"og:image:width\" content=\"1062\" \/>\n\t<meta property=\"og:image:height\" content=\"707\" \/>\n\t<meta property=\"og:image:type\" content=\"image\/png\" \/>\n<meta name=\"twitter:card\" content=\"summary_large_image\" \/>\n<meta name=\"twitter:label1\" content=\"Tiempo de lectura\" \/>\n\t<meta name=\"twitter:data1\" content=\"1 minuto\" \/>\n<!-- \/ Yoast SEO plugin. -->","yoast_head_json":{"title":"Sof\u00e1 Relax El\u00e9ctrico 2 Plazas con USB y Tejido Gris -","description":"Sof\u00e1 relax el\u00e9ctrico de 2 plazas con USB integrado, tapizado en gris. M\u00e1ximo confort, dise\u00f1o moderno y apertura motorizada para tu descanso diario.","robots":{"index":"index","follow":"follow","max-snippet":"max-snippet:-1","max-image-preview":"max-image-preview:large","max-video-preview":"max-video-preview:-1"},"canonical":"https:\/\/gesmobles.cat\/es\/producto\/sofa-relax-electrico-2-plazas-con-usb-y-tejido-gris\/","og_locale":"es_ES","og_type":"article","og_title":"Sof\u00e1 Relax El\u00e9ctrico 2 Plazas con USB y Tejido Gris -","og_description":"Sof\u00e1 relax el\u00e9ctrico de 2 plazas con USB integrado, tapizado en gris. M\u00e1ximo confort, dise\u00f1o moderno y apertura motorizada para tu descanso diario.","og_url":"https:\/\/gesmobles.cat\/es\/producto\/sofa-relax-electrico-2-plazas-con-usb-y-tejido-gris\/","article_modified_time":"2026-04-27T07:37:39+00:00","og_image":[{"width":1062,"height":707,"url":"https:\/\/gesmobles.cat\/wp-content\/uploads\/2026\/04\/rose6.png","type":"image\/png"}],"twitter_card":"summary_large_image","twitter_misc":{"Tiempo de lectura":"1 minuto"},"schema":{"@context":"https:\/\/schema.org","@graph":[]}},"_links":{"self":[{"href":"https:\/\/gesmobles.cat\/es\/wp-json\/wp\/v2\/product\/8714","targetHints":{"allow":["GET"]}}],"collection":[{"href":"https:\/\/gesmobles.cat\/es\/wp-json\/wp\/v2\/product"}],"about":[{"href":"https:\/\/gesmobles.cat\/es\/wp-json\/wp\/v2\/types\/product"}],"replies":[{"embeddable":true,"href":"https:\/\/gesmobles.cat\/es\/wp-json\/wp\/v2\/comments?post=8714"}],"wp:featuredmedia":[{"embeddable":true,"href":"https:\/\/gesmobles.cat\/es\/wp-json\/wp\/v2\/media\/8715"}],"wp:attachment":[{"href":"https:\/\/gesmobles.cat\/es\/wp-json\/wp\/v2\/media?parent=8714"}],"wp:term":[{"taxonomy":"product_brand","embeddable":true,"href":"https:\/\/gesmobles.cat\/es\/wp-json\/wp\/v2\/product_brand?post=8714"},{"taxonomy":"product_cat","embeddable":true,"href":"https:\/\/gesmobles.cat\/es\/wp-json\/wp\/v2\/product_cat?post=8714"},{"taxonomy":"product_tag","embeddable":true,"href":"https:\/\/gesmobles.cat\/es\/wp-json\/wp\/v2\/product_tag?post=8714"}],"curies":[{"name":"wp","href":"https:\/\/api.w.org\/{rel}","templated":true}]}}