{"id":8729,"date":"2026-04-27T09:56:16","date_gmt":"2026-04-27T07:56:16","guid":{"rendered":"https:\/\/gesmobles.cat\/?post_type=product&#038;p=8729"},"modified":"2026-04-27T09:57:06","modified_gmt":"2026-04-27T07:57:06","slug":"sofa-relax-electrico-2-plazas-con-usb-en-tejido-gris","status":"publish","type":"product","link":"https:\/\/gesmobles.cat\/es\/producto\/sofa-relax-electrico-2-plazas-con-usb-en-tejido-gris\/","title":{"rendered":"Sof\u00e1 Relax El\u00e9ctrico 2 Plazas con USB en Tejido Gris"},"content":{"rendered":"<p data-start=\"208\" data-end=\"492\">Este sof\u00e1 relax el\u00e9ctrico de 2 plazas est\u00e1 dise\u00f1ado para ofrecer el m\u00e1ximo confort y funcionalidad en tu hogar. Gracias a su sistema motorizado, permite reclinar el respaldo y elevar el reposapi\u00e9s de forma suave y progresiva, adapt\u00e1ndose perfectamente a tu posici\u00f3n ideal de descanso.<\/p>\n<p data-start=\"494\" data-end=\"814\">Su dise\u00f1o moderno y elegante, tapizado en tejido gris de alta calidad, lo convierte en una pieza vers\u00e1til que encaja f\u00e1cilmente en cualquier sal\u00f3n. Los asientos amplios y acolchados, junto con los respaldos ergon\u00f3micos, proporcionan una experiencia de descanso c\u00f3moda tanto para el d\u00eda a d\u00eda como para momentos de relax.<\/p>\n<p data-start=\"816\" data-end=\"1050\">Incluye un pr\u00e1ctico puerto USB integrado, ideal para cargar tu m\u00f3vil o dispositivos electr\u00f3nicos sin necesidad de levantarte. Adem\u00e1s, su estructura resistente y su mecanismo met\u00e1lico garantizan durabilidad y estabilidad a largo plazo.<\/p>\n<p data-start=\"1052\" data-end=\"1140\">Una opci\u00f3n perfecta para quienes buscan comodidad, tecnolog\u00eda y dise\u00f1o en un mismo sof\u00e1.<\/p>\n","protected":false},"excerpt":{"rendered":"<p>Sof\u00e1 relax el\u00e9ctrico de 2 plazas con sistema motorizado, USB integrado y tapizado en tejido gris. Confort, dise\u00f1o y funcionalidad para tu hogar.<\/p>\n","protected":false},"featured_media":8730,"comment_status":"open","ping_status":"closed","template":"","meta":[],"product_brand":[],"product_cat":[53],"product_tag":[525,526,527,531,533,569],"class_list":{"0":"post-8729","1":"product","2":"type-product","3":"status-publish","4":"has-post-thumbnail","6":"product_cat-sofas-es","7":"product_tag-sofa-3-plazas","8":"product_tag-sofa-moderno","9":"product_tag-sofa-gris-claro","10":"product_tag-sofas-online","11":"product_tag-sofas-elegantes","12":"product_tag-decoracion-sofa","14":"first","15":"instock","16":"taxable","17":"shipping-taxable","18":"purchasable","19":"product-type-simple"},"acf":[],"yoast_head":"<!-- This site is optimized with the Yoast SEO plugin v27.4 - https:\/\/yoast.com\/product\/yoast-seo-wordpress\/ -->\n<title>Sof\u00e1 Relax El\u00e9ctrico 2 Plazas con USB en Tejido Gris -<\/title>\n<meta name=\"description\" content=\"Sof\u00e1 relax el\u00e9ctrico de 2 plazas en color gris con USB integrado. Dise\u00f1o moderno, m\u00e1xima comodidad y sistema motorizado para un descanso perfecto.\" \/>\n<meta name=\"robots\" content=\"index, follow, max-snippet:-1, max-image-preview:large, max-video-preview:-1\" \/>\n<link rel=\"canonical\" href=\"https:\/\/gesmobles.cat\/es\/producto\/sofa-relax-electrico-2-plazas-con-usb-en-tejido-gris\/\" \/>\n<meta property=\"og:locale\" content=\"es_ES\" \/>\n<meta property=\"og:type\" content=\"article\" \/>\n<meta property=\"og:title\" content=\"Sof\u00e1 Relax El\u00e9ctrico 2 Plazas con USB en Tejido Gris -\" \/>\n<meta property=\"og:description\" content=\"Sof\u00e1 relax el\u00e9ctrico de 2 plazas en color gris con USB integrado. Dise\u00f1o moderno, m\u00e1xima comodidad y sistema motorizado para un descanso perfecto.\" \/>\n<meta property=\"og:url\" content=\"https:\/\/gesmobles.cat\/es\/producto\/sofa-relax-electrico-2-plazas-con-usb-en-tejido-gris\/\" \/>\n<meta property=\"article:modified_time\" content=\"2026-04-27T07:57:06+00:00\" \/>\n<meta property=\"og:image\" content=\"https:\/\/gesmobles.cat\/wp-content\/uploads\/2026\/04\/sin.png\" \/>\n\t<meta property=\"og:image:width\" content=\"1058\" \/>\n\t<meta property=\"og:image:height\" content=\"710\" \/>\n\t<meta property=\"og:image:type\" content=\"image\/png\" \/>\n<meta name=\"twitter:card\" content=\"summary_large_image\" \/>\n<meta name=\"twitter:label1\" content=\"Tiempo de lectura\" \/>\n\t<meta name=\"twitter:data1\" content=\"1 minuto\" \/>\n<!-- \/ Yoast SEO plugin. -->","yoast_head_json":{"title":"Sof\u00e1 Relax El\u00e9ctrico 2 Plazas con USB en Tejido Gris -","description":"Sof\u00e1 relax el\u00e9ctrico de 2 plazas en color gris con USB integrado. Dise\u00f1o moderno, m\u00e1xima comodidad y sistema motorizado para un descanso perfecto.","robots":{"index":"index","follow":"follow","max-snippet":"max-snippet:-1","max-image-preview":"max-image-preview:large","max-video-preview":"max-video-preview:-1"},"canonical":"https:\/\/gesmobles.cat\/es\/producto\/sofa-relax-electrico-2-plazas-con-usb-en-tejido-gris\/","og_locale":"es_ES","og_type":"article","og_title":"Sof\u00e1 Relax El\u00e9ctrico 2 Plazas con USB en Tejido Gris -","og_description":"Sof\u00e1 relax el\u00e9ctrico de 2 plazas en color gris con USB integrado. Dise\u00f1o moderno, m\u00e1xima comodidad y sistema motorizado para un descanso perfecto.","og_url":"https:\/\/gesmobles.cat\/es\/producto\/sofa-relax-electrico-2-plazas-con-usb-en-tejido-gris\/","article_modified_time":"2026-04-27T07:57:06+00:00","og_image":[{"width":1058,"height":710,"url":"https:\/\/gesmobles.cat\/wp-content\/uploads\/2026\/04\/sin.png","type":"image\/png"}],"twitter_card":"summary_large_image","twitter_misc":{"Tiempo de lectura":"1 minuto"},"schema":{"@context":"https:\/\/schema.org","@graph":[]}},"_links":{"self":[{"href":"https:\/\/gesmobles.cat\/es\/wp-json\/wp\/v2\/product\/8729","targetHints":{"allow":["GET"]}}],"collection":[{"href":"https:\/\/gesmobles.cat\/es\/wp-json\/wp\/v2\/product"}],"about":[{"href":"https:\/\/gesmobles.cat\/es\/wp-json\/wp\/v2\/types\/product"}],"replies":[{"embeddable":true,"href":"https:\/\/gesmobles.cat\/es\/wp-json\/wp\/v2\/comments?post=8729"}],"wp:featuredmedia":[{"embeddable":true,"href":"https:\/\/gesmobles.cat\/es\/wp-json\/wp\/v2\/media\/8730"}],"wp:attachment":[{"href":"https:\/\/gesmobles.cat\/es\/wp-json\/wp\/v2\/media?parent=8729"}],"wp:term":[{"taxonomy":"product_brand","embeddable":true,"href":"https:\/\/gesmobles.cat\/es\/wp-json\/wp\/v2\/product_brand?post=8729"},{"taxonomy":"product_cat","embeddable":true,"href":"https:\/\/gesmobles.cat\/es\/wp-json\/wp\/v2\/product_cat?post=8729"},{"taxonomy":"product_tag","embeddable":true,"href":"https:\/\/gesmobles.cat\/es\/wp-json\/wp\/v2\/product_tag?post=8729"}],"curies":[{"name":"wp","href":"https:\/\/api.w.org\/{rel}","templated":true}]}}