{"id":8742,"date":"2026-04-27T10:20:53","date_gmt":"2026-04-27T08:20:53","guid":{"rendered":"https:\/\/gesmobles.cat\/?post_type=product&#038;p=8742"},"modified":"2026-04-27T10:20:54","modified_gmt":"2026-04-27T08:20:54","slug":"sofa-2-plazas-con-arcon-y-asiento-extraible-en-tejido-gris","status":"publish","type":"product","link":"https:\/\/gesmobles.cat\/es\/producto\/sofa-2-plazas-con-arcon-y-asiento-extraible-en-tejido-gris\/","title":{"rendered":"Sof\u00e1 2 Plazas con Arc\u00f3n y Asiento Extra\u00edble en Tejido Gris"},"content":{"rendered":"<p data-start=\"246\" data-end=\"525\">Este sof\u00e1 de 2 plazas combina dise\u00f1o moderno, funcionalidad y soluciones pr\u00e1cticas para el d\u00eda a d\u00eda. Pensado para aprovechar al m\u00e1ximo el espacio, incorpora un sistema de asientos extra\u00edbles que permite ampliar la superficie, ideal para relajarse c\u00f3modamente o incluso tumbarse.<\/p>\n<p data-start=\"527\" data-end=\"710\">Adem\u00e1s, cuenta con un pr\u00e1ctico arc\u00f3n de almacenamiento integrado, perfecto para guardar mantas, cojines u otros objetos, ayudando a mantener el sal\u00f3n ordenado sin renunciar al estilo.<\/p>\n<p data-start=\"712\" data-end=\"996\">Tapizado en tejido gris de alta calidad, este sof\u00e1 aporta un toque elegante y vers\u00e1til que encaja f\u00e1cilmente en cualquier tipo de decoraci\u00f3n. Sus l\u00edneas limpias, asientos amplios y respaldo c\u00f3modo lo convierten en una opci\u00f3n ideal tanto para uso diario como para momentos de descanso.<\/p>\n<p data-start=\"998\" data-end=\"1147\">Su estructura robusta y materiales resistentes garantizan durabilidad y estabilidad, ofreciendo una excelente relaci\u00f3n entre confort y funcionalidad.<\/p>\n<p data-start=\"1149\" data-end=\"1241\">Perfecto para salones modernos, apartamentos o espacios donde se busca optimizar cada metro.<\/p>\n","protected":false},"excerpt":{"rendered":"<p>Sof\u00e1 de 2 plazas con asientos extra\u00edbles y arc\u00f3n integrado, tapizado en gris. Funcional, c\u00f3modo y perfecto para optimizar el espacio.<\/p>\n","protected":false},"featured_media":8743,"comment_status":"open","ping_status":"closed","template":"","meta":[],"product_brand":[],"product_cat":[53],"product_tag":[491,526,529,531,533,569],"class_list":{"0":"post-8742","1":"product","2":"type-product","3":"status-publish","4":"has-post-thumbnail","6":"product_cat-sofas-es","7":"product_tag-potes-per-sofa","8":"product_tag-sofa-moderno","9":"product_tag-sofa-comodo","10":"product_tag-sofas-online","11":"product_tag-sofas-elegantes","12":"product_tag-decoracion-sofa","14":"first","15":"instock","16":"taxable","17":"shipping-taxable","18":"purchasable","19":"product-type-simple"},"acf":[],"yoast_head":"<!-- This site is optimized with the Yoast SEO plugin v27.4 - https:\/\/yoast.com\/product\/yoast-seo-wordpress\/ -->\n<title>Sof\u00e1 2 Plazas con Arc\u00f3n y Asiento Extra\u00edble en Tejido Gris -<\/title>\n<meta name=\"description\" content=\"Sof\u00e1 de 2 plazas con arc\u00f3n y asientos extra\u00edbles en tejido gris. Funcional, c\u00f3modo y perfecto para aprovechar el espacio en tu sal\u00f3n.\" \/>\n<meta name=\"robots\" content=\"index, follow, max-snippet:-1, max-image-preview:large, max-video-preview:-1\" \/>\n<link rel=\"canonical\" href=\"https:\/\/gesmobles.cat\/es\/producto\/sofa-2-plazas-con-arcon-y-asiento-extraible-en-tejido-gris\/\" \/>\n<meta property=\"og:locale\" content=\"es_ES\" \/>\n<meta property=\"og:type\" content=\"article\" \/>\n<meta property=\"og:title\" content=\"Sof\u00e1 2 Plazas con Arc\u00f3n y Asiento Extra\u00edble en Tejido Gris -\" \/>\n<meta property=\"og:description\" content=\"Sof\u00e1 de 2 plazas con arc\u00f3n y asientos extra\u00edbles en tejido gris. Funcional, c\u00f3modo y perfecto para aprovechar el espacio en tu sal\u00f3n.\" \/>\n<meta property=\"og:url\" content=\"https:\/\/gesmobles.cat\/es\/producto\/sofa-2-plazas-con-arcon-y-asiento-extraible-en-tejido-gris\/\" \/>\n<meta property=\"article:modified_time\" content=\"2026-04-27T08:20:54+00:00\" \/>\n<meta property=\"og:image\" content=\"https:\/\/gesmobles.cat\/wp-content\/uploads\/2026\/04\/bora.webp\" \/>\n\t<meta property=\"og:image:width\" content=\"2700\" \/>\n\t<meta property=\"og:image:height\" content=\"2080\" \/>\n\t<meta property=\"og:image:type\" content=\"image\/webp\" \/>\n<meta name=\"twitter:card\" content=\"summary_large_image\" \/>\n<meta name=\"twitter:label1\" content=\"Tiempo de lectura\" \/>\n\t<meta name=\"twitter:data1\" content=\"1 minuto\" \/>\n<!-- \/ Yoast SEO plugin. -->","yoast_head_json":{"title":"Sof\u00e1 2 Plazas con Arc\u00f3n y Asiento Extra\u00edble en Tejido Gris -","description":"Sof\u00e1 de 2 plazas con arc\u00f3n y asientos extra\u00edbles en tejido gris. Funcional, c\u00f3modo y perfecto para aprovechar el espacio en tu sal\u00f3n.","robots":{"index":"index","follow":"follow","max-snippet":"max-snippet:-1","max-image-preview":"max-image-preview:large","max-video-preview":"max-video-preview:-1"},"canonical":"https:\/\/gesmobles.cat\/es\/producto\/sofa-2-plazas-con-arcon-y-asiento-extraible-en-tejido-gris\/","og_locale":"es_ES","og_type":"article","og_title":"Sof\u00e1 2 Plazas con Arc\u00f3n y Asiento Extra\u00edble en Tejido Gris -","og_description":"Sof\u00e1 de 2 plazas con arc\u00f3n y asientos extra\u00edbles en tejido gris. Funcional, c\u00f3modo y perfecto para aprovechar el espacio en tu sal\u00f3n.","og_url":"https:\/\/gesmobles.cat\/es\/producto\/sofa-2-plazas-con-arcon-y-asiento-extraible-en-tejido-gris\/","article_modified_time":"2026-04-27T08:20:54+00:00","og_image":[{"width":2700,"height":2080,"url":"https:\/\/gesmobles.cat\/wp-content\/uploads\/2026\/04\/bora.webp","type":"image\/webp"}],"twitter_card":"summary_large_image","twitter_misc":{"Tiempo de lectura":"1 minuto"},"schema":{"@context":"https:\/\/schema.org","@graph":[]}},"_links":{"self":[{"href":"https:\/\/gesmobles.cat\/es\/wp-json\/wp\/v2\/product\/8742","targetHints":{"allow":["GET"]}}],"collection":[{"href":"https:\/\/gesmobles.cat\/es\/wp-json\/wp\/v2\/product"}],"about":[{"href":"https:\/\/gesmobles.cat\/es\/wp-json\/wp\/v2\/types\/product"}],"replies":[{"embeddable":true,"href":"https:\/\/gesmobles.cat\/es\/wp-json\/wp\/v2\/comments?post=8742"}],"wp:featuredmedia":[{"embeddable":true,"href":"https:\/\/gesmobles.cat\/es\/wp-json\/wp\/v2\/media\/8743"}],"wp:attachment":[{"href":"https:\/\/gesmobles.cat\/es\/wp-json\/wp\/v2\/media?parent=8742"}],"wp:term":[{"taxonomy":"product_brand","embeddable":true,"href":"https:\/\/gesmobles.cat\/es\/wp-json\/wp\/v2\/product_brand?post=8742"},{"taxonomy":"product_cat","embeddable":true,"href":"https:\/\/gesmobles.cat\/es\/wp-json\/wp\/v2\/product_cat?post=8742"},{"taxonomy":"product_tag","embeddable":true,"href":"https:\/\/gesmobles.cat\/es\/wp-json\/wp\/v2\/product_tag?post=8742"}],"curies":[{"name":"wp","href":"https:\/\/api.w.org\/{rel}","templated":true}]}}