{"id":8754,"date":"2026-04-27T10:37:50","date_gmt":"2026-04-27T08:37:50","guid":{"rendered":"https:\/\/gesmobles.cat\/?post_type=product&#038;p=8754"},"modified":"2026-04-27T10:37:51","modified_gmt":"2026-04-27T08:37:51","slug":"sofa-relax-electrico-2-plazas-con-usb-en-tejido-beige","status":"publish","type":"product","link":"https:\/\/gesmobles.cat\/es\/producto\/sofa-relax-electrico-2-plazas-con-usb-en-tejido-beige\/","title":{"rendered":"Sof\u00e1 Relax El\u00e9ctrico 2 Plazas con USB en Tejido Beige"},"content":{"rendered":"<p data-start=\"233\" data-end=\"498\">Este sof\u00e1 relax el\u00e9ctrico de 2 plazas es la combinaci\u00f3n perfecta entre confort, dise\u00f1o y funcionalidad. Gracias a su sistema motorizado, permite reclinar el respaldo y elevar el reposapi\u00e9s de forma suave y silenciosa, adapt\u00e1ndose a tu posici\u00f3n ideal para descansar.<\/p>\n<p data-start=\"500\" data-end=\"840\">Tapizado en elegante tejido beige de alta calidad, aporta luminosidad y calidez al espacio, convirti\u00e9ndose en una pieza clave para cualquier sal\u00f3n moderno o acogedor. Sus asientos amplios y acolchados, junto con sus reposabrazos ergon\u00f3micos, garantizan una experiencia de descanso c\u00f3moda tanto para el d\u00eda a d\u00eda como para momentos de relax.<\/p>\n<p data-start=\"842\" data-end=\"996\">Incluye un pr\u00e1ctico puerto USB integrado, ideal para cargar tus dispositivos sin levantarte del sof\u00e1, a\u00f1adiendo un extra de comodidad en tu rutina diaria.<\/p>\n<p data-start=\"998\" data-end=\"1131\">Su estructura robusta y su mecanismo met\u00e1lico de alta resistencia aseguran durabilidad y estabilidad, pensado para un uso prolongado.<\/p>\n<p data-start=\"1133\" data-end=\"1243\">Ideal para quienes buscan un sof\u00e1 c\u00f3modo, funcional y con un dise\u00f1o elegante que encaje en cualquier ambiente.<\/p>\n","protected":false},"excerpt":{"rendered":"<p>Sof\u00e1 relax el\u00e9ctrico de 2 plazas con sistema motorizado, USB integrado y tapizado en tejido beige. Confort, dise\u00f1o y funcionalidad para tu hogar.<\/p>\n<p>&nbsp;<\/p>\n","protected":false},"featured_media":8755,"comment_status":"open","ping_status":"closed","template":"","meta":[],"product_brand":[],"product_cat":[53],"product_tag":[525,526,531,533,569],"class_list":{"0":"post-8754","1":"product","2":"type-product","3":"status-publish","4":"has-post-thumbnail","6":"product_cat-sofas-es","7":"product_tag-sofa-3-plazas","8":"product_tag-sofa-moderno","9":"product_tag-sofas-online","10":"product_tag-sofas-elegantes","11":"product_tag-decoracion-sofa","13":"first","14":"instock","15":"taxable","16":"shipping-taxable","17":"purchasable","18":"product-type-simple"},"acf":[],"yoast_head":"<!-- This site is optimized with the Yoast SEO plugin v27.4 - https:\/\/yoast.com\/product\/yoast-seo-wordpress\/ -->\n<title>Sof\u00e1 Relax El\u00e9ctrico 2 Plazas con USB en Tejido Beige -<\/title>\n<meta name=\"description\" content=\"Sof\u00e1 relax el\u00e9ctrico de 2 plazas en color beige con USB integrado. Confort, dise\u00f1o moderno y sistema motorizado para tu descanso diario.\" \/>\n<meta name=\"robots\" content=\"index, follow, max-snippet:-1, max-image-preview:large, max-video-preview:-1\" \/>\n<link rel=\"canonical\" href=\"https:\/\/gesmobles.cat\/es\/producto\/sofa-relax-electrico-2-plazas-con-usb-en-tejido-beige\/\" \/>\n<meta property=\"og:locale\" content=\"es_ES\" \/>\n<meta property=\"og:type\" content=\"article\" \/>\n<meta property=\"og:title\" content=\"Sof\u00e1 Relax El\u00e9ctrico 2 Plazas con USB en Tejido Beige -\" \/>\n<meta property=\"og:description\" content=\"Sof\u00e1 relax el\u00e9ctrico de 2 plazas en color beige con USB integrado. Confort, dise\u00f1o moderno y sistema motorizado para tu descanso diario.\" \/>\n<meta property=\"og:url\" content=\"https:\/\/gesmobles.cat\/es\/producto\/sofa-relax-electrico-2-plazas-con-usb-en-tejido-beige\/\" \/>\n<meta property=\"article:modified_time\" content=\"2026-04-27T08:37:51+00:00\" \/>\n<meta property=\"og:image\" content=\"https:\/\/gesmobles.cat\/wp-content\/uploads\/2026\/04\/onyx.png\" \/>\n\t<meta property=\"og:image:width\" content=\"1060\" \/>\n\t<meta property=\"og:image:height\" content=\"742\" \/>\n\t<meta property=\"og:image:type\" content=\"image\/png\" \/>\n<meta name=\"twitter:card\" content=\"summary_large_image\" \/>\n<meta name=\"twitter:label1\" content=\"Tiempo de lectura\" \/>\n\t<meta name=\"twitter:data1\" content=\"1 minuto\" \/>\n<!-- \/ Yoast SEO plugin. -->","yoast_head_json":{"title":"Sof\u00e1 Relax El\u00e9ctrico 2 Plazas con USB en Tejido Beige -","description":"Sof\u00e1 relax el\u00e9ctrico de 2 plazas en color beige con USB integrado. Confort, dise\u00f1o moderno y sistema motorizado para tu descanso diario.","robots":{"index":"index","follow":"follow","max-snippet":"max-snippet:-1","max-image-preview":"max-image-preview:large","max-video-preview":"max-video-preview:-1"},"canonical":"https:\/\/gesmobles.cat\/es\/producto\/sofa-relax-electrico-2-plazas-con-usb-en-tejido-beige\/","og_locale":"es_ES","og_type":"article","og_title":"Sof\u00e1 Relax El\u00e9ctrico 2 Plazas con USB en Tejido Beige -","og_description":"Sof\u00e1 relax el\u00e9ctrico de 2 plazas en color beige con USB integrado. Confort, dise\u00f1o moderno y sistema motorizado para tu descanso diario.","og_url":"https:\/\/gesmobles.cat\/es\/producto\/sofa-relax-electrico-2-plazas-con-usb-en-tejido-beige\/","article_modified_time":"2026-04-27T08:37:51+00:00","og_image":[{"width":1060,"height":742,"url":"https:\/\/gesmobles.cat\/wp-content\/uploads\/2026\/04\/onyx.png","type":"image\/png"}],"twitter_card":"summary_large_image","twitter_misc":{"Tiempo de lectura":"1 minuto"},"schema":{"@context":"https:\/\/schema.org","@graph":[]}},"_links":{"self":[{"href":"https:\/\/gesmobles.cat\/es\/wp-json\/wp\/v2\/product\/8754","targetHints":{"allow":["GET"]}}],"collection":[{"href":"https:\/\/gesmobles.cat\/es\/wp-json\/wp\/v2\/product"}],"about":[{"href":"https:\/\/gesmobles.cat\/es\/wp-json\/wp\/v2\/types\/product"}],"replies":[{"embeddable":true,"href":"https:\/\/gesmobles.cat\/es\/wp-json\/wp\/v2\/comments?post=8754"}],"wp:featuredmedia":[{"embeddable":true,"href":"https:\/\/gesmobles.cat\/es\/wp-json\/wp\/v2\/media\/8755"}],"wp:attachment":[{"href":"https:\/\/gesmobles.cat\/es\/wp-json\/wp\/v2\/media?parent=8754"}],"wp:term":[{"taxonomy":"product_brand","embeddable":true,"href":"https:\/\/gesmobles.cat\/es\/wp-json\/wp\/v2\/product_brand?post=8754"},{"taxonomy":"product_cat","embeddable":true,"href":"https:\/\/gesmobles.cat\/es\/wp-json\/wp\/v2\/product_cat?post=8754"},{"taxonomy":"product_tag","embeddable":true,"href":"https:\/\/gesmobles.cat\/es\/wp-json\/wp\/v2\/product_tag?post=8754"}],"curies":[{"name":"wp","href":"https:\/\/api.w.org\/{rel}","templated":true}]}}